{"id":6767,"date":"2021-12-16T11:12:24","date_gmt":"2021-12-16T11:12:24","guid":{"rendered":"https:\/\/skyandaluz.com\/guide-du-ciel\/janvier\/"},"modified":"2022-03-11T12:45:53","modified_gmt":"2022-03-11T12:45:53","slug":"janvier","status":"publish","type":"page","link":"https:\/\/skyandaluz.com\/fr\/guide-du-ciel\/janvier\/","title":{"rendered":"janvier"},"content":{"rendered":"<p>D\u00e9couvrir l&rsquo;Univers<br \/>\n\t\t\tQu&rsquo;allons-nous voir\t\t<\/p>\n<p style=\"text-align: center;\">Vivez une exp\u00e9rience unique et d\u00e9couvrez les extr\u00e9mit\u00e9s de l&rsquo;univers <br \/>du premier trimestre de l&rsquo;ann\u00e9e.<\/p>\n<p>\t\t\tJANVIER<br \/>\n\t\t\t<a href=\"https:\/\/skyandaluz.com\/fr\/guide-du-ciel\/fevrier\/\">F\u00c9VRIER<\/a><br \/>\n\t\t\t<a href=\"https:\/\/skyandaluz.com\/fr\/guide-du-ciel\/mars\/\">MARS<\/a><br \/>\n\t\t\t<a href=\"https:\/\/skyandaluz.com\/fr\/guide-du-ciel\/avril\/\">>><\/a>\t\t<\/p>\n<p>[rank_math_breadcrumb]<\/p>\n<p>\t        OBSERVACIONES<br \/>\n\t\t\t\t\t\t\t<a href=\"https:\/\/skyandaluz.com\/wp-content\/uploads\/2021\/07\/enero-taurus.jpg\" data-elementor-open-lightbox=\"yes\" data-elementor-lightbox-slideshow=\"c60382d\" data-elementor-lightbox-title=\"enero-taurus\"><br \/>\n\t\t<\/a><br \/>\n\t\t\t\t\t\t\t<a href=\"https:\/\/skyandaluz.com\/wp-content\/uploads\/2021\/07\/enero-lepus.jpg\" data-elementor-open-lightbox=\"yes\" data-elementor-lightbox-slideshow=\"c60382d\" data-elementor-lightbox-title=\"enero-lepus\"><br \/>\n\t\t<\/a><br \/>\n\t\t\t\t\t\t\t<a href=\"https:\/\/skyandaluz.com\/wp-content\/uploads\/2021\/07\/enero-orion-nebulosa.jpg\" data-elementor-open-lightbox=\"yes\" data-elementor-lightbox-slideshow=\"c60382d\" data-elementor-lightbox-title=\"enero-orion-nebulosa\"><br \/>\n\t\t<\/a><br \/>\n\t\t\t\t\t\t\t<a href=\"https:\/\/skyandaluz.com\/wp-content\/uploads\/2021\/07\/enero-orion-barnards.jpg\" data-elementor-open-lightbox=\"yes\" data-elementor-lightbox-slideshow=\"c60382d\" data-elementor-lightbox-title=\"enero-orion-barnards\"><br \/>\n\t\t<\/a><br \/>\n\t\t\t\t\t\t\t<a href=\"https:\/\/skyandaluz.com\/wp-content\/uploads\/2021\/07\/enero-auriga.jpg\" data-elementor-open-lightbox=\"yes\" data-elementor-lightbox-slideshow=\"c60382d\" data-elementor-lightbox-title=\"enero-auriga\"><br \/>\n\t\t<\/a><br \/>\n\t\t\t\t\t\t\t\t\t\t\t\t\t\tAnterior<br \/>\n\t\t\t\t\t\t\t\t\t\t\t\t\t\tSiguiente<br \/>\n\t        OBSERVACIONES\t        \t    <\/p>\n<h2>Conna\u00eetre en profondeur<\/h2>\n<p>Dans cette section, vous pourrez en apprendre un peu plus sur les objets que nous verrons dans l&rsquo;observation astronomique du mois. Choisissez l&rsquo;objet astronomique que vous souhaitez :<\/p>\n<p>\t\t\t\t<a href=\"#1\">Taurus<\/a><br \/>\n\t\t\t\t<a href=\"#2\">Lepus<\/a><br \/>\n\t\t\t\t<a href=\"#3\">auriga<\/a><br \/>\n\t\t\t\t<a href=\"#4\">orion<\/a><br \/>\n\t        tAURUS\t        <\/p>\n<h2>Supernova Remant &#8211; Crab Nebula <\/h2>\n<p>\t\t\t\t\t\t\t\t\t\t\t\t<img decoding=\"async\" width=\"300\" height=\"300\" src=\"https:\/\/skyandaluz.com\/wp-content\/uploads\/2021\/07\/Crab_Nebula-taurus.jpg\" alt=\"Crab_Nebula-taurus\" loading=\"lazy\" srcset=\"https:\/\/skyandaluz.com\/wp-content\/uploads\/2021\/07\/Crab_Nebula-taurus.jpg 300w, https:\/\/skyandaluz.com\/wp-content\/uploads\/2021\/07\/Crab_Nebula-taurus-150x150.jpg 150w\" sizes=\"auto, (max-width: 300px) 100vw, 300px\" \/>\t\t\t\t\t\t\t\t\t\t\t\t\t\t<\/p>\n<p>La n\u00e9buleuse du Crabe (M1, NGC 1952, Taurus A et Taurus X-1) est un vestige de supernova de type pl\u00e9rion. La n\u00e9buleuse a \u00e9t\u00e9 observ\u00e9e en 1731 par John Bevis. C&rsquo;est le vestige d&rsquo;une supernova qui a \u00e9t\u00e9 observ\u00e9e et document\u00e9e, comme une \u00e9toile visible \u00e0 la lumi\u00e8re du jour, par des astronomes chinois et arabes le 5 juillet 1054 (SN 1054). L&rsquo;explosion est rest\u00e9e visible pendant 22 mois. \u00c0 cette fin, Charles Messier a commenc\u00e9 son catalogue d&rsquo;objets non com\u00e9taires. Situ\u00e9e \u00e0 une distance d&rsquo;environ 6300 ann\u00e9es-lumi\u00e8re (1930 pc2) de la Terre, dans la constellation du Taureau, la n\u00e9buleuse a un diam\u00e8tre de six ann\u00e9es-lumi\u00e8re (1,84 pc) et sa vitesse d&rsquo;expansion est de 1500 km\/s.<\/p>\n<p>\t        LEPUS\t        <\/p>\n<h2>Globular Cluster<\/h2>\n<p>\t\t\t\t\t\t\t\t\t\t\t\t<img decoding=\"async\" width=\"300\" height=\"252\" src=\"https:\/\/skyandaluz.com\/wp-content\/uploads\/2021\/07\/lepus-m79.jpg\" alt=\"lepus-m79\" loading=\"lazy\" \/>\t\t\t\t\t\t\t\t\t\t\t\t\t\t<\/p>\n<p>Messier 79 (\u00e9galement connu sous le nom de M79 ou NGC 1904) est un amas globulaire de la constellation de Lepus. Il a \u00e9t\u00e9 d\u00e9couvert par Pierre M\u00e9chain en 1780. M79 est \u00e0 une distance d&rsquo;environ 41 000 ann\u00e9es-lumi\u00e8re de la Terre et 60 000 ann\u00e9es-lumi\u00e8re du centre galactique.<\/p>\n<p>\t        AURIGA\t        <\/p>\n<h2>Flaming Star Nebula<\/h2>\n<p>\t\t\t\t\t\t\t\t\t\t\t\t<img decoding=\"async\" width=\"220\" height=\"222\" src=\"https:\/\/skyandaluz.com\/wp-content\/uploads\/2021\/07\/FlamingStarHunter.jpg\" alt=\"FlamingStarHunter\" loading=\"lazy\" srcset=\"https:\/\/skyandaluz.com\/wp-content\/uploads\/2021\/07\/FlamingStarHunter.jpg 220w, https:\/\/skyandaluz.com\/wp-content\/uploads\/2021\/07\/FlamingStarHunter-150x150.jpg 150w\" sizes=\"auto, (max-width: 220px) 100vw, 220px\" \/>\t\t\t\t\t\t\t\t\t\t\t\t\t\t<\/p>\n<p>IC 405 (\u00e9galement connue sous le nom de Flaming Star Nebula, SH 2-229 ou Caldwell 31) est une n\u00e9buleuse en \u00e9mission et r\u00e9flexion [1] dans la constellation d&rsquo;Auriga au nord de l&rsquo;\u00e9quateur c\u00e9leste, entourant l&rsquo;\u00e9toile bleut\u00e9e AE Aurigae. Il brille avec une magnitude de +6,0. Ses coordonn\u00e9es c\u00e9lestes sont RA 05h 16.2m d\u00e9c + 34\u00b0 28 \u2032. [2] Elle entoure l&rsquo;\u00e9toile variable irr\u00e9guli\u00e8re AE Aurigae et se trouve pr\u00e8s de la n\u00e9buleuse par \u00e9mission IC 410, des amas ouverts M38 et M36 et de l&rsquo;\u00e9toile de classe K Iota Aurigae.<\/p>\n<p>La n\u00e9buleuse mesure environ 37,0 &lsquo;x 19,0&rsquo; et se trouve \u00e0 environ 1 500 ann\u00e9es-lumi\u00e8re de la Terre. [2] On pense que le mouvement propre de l&rsquo;\u00e9toile centrale remonte \u00e0 la r\u00e9gion de la ceinture d&rsquo;Orion. [2] La n\u00e9buleuse mesure environ 5 ann\u00e9es-lumi\u00e8re de diam\u00e8tre.<\/p>\n<p>\t        Orion\t        <\/p>\n<h2>Nebula  de Orion<\/h2>\n<p>\t\t\t\t\t\t\t\t\t\t\t\t<img decoding=\"async\" width=\"300\" height=\"300\" src=\"https:\/\/skyandaluz.com\/wp-content\/uploads\/2021\/07\/Orion_Nebula_-_Hubble_2006.jpg\" alt=\"Orion_Nebula_-_Hubble_2006\" loading=\"lazy\" srcset=\"https:\/\/skyandaluz.com\/wp-content\/uploads\/2021\/07\/Orion_Nebula_-_Hubble_2006.jpg 300w, https:\/\/skyandaluz.com\/wp-content\/uploads\/2021\/07\/Orion_Nebula_-_Hubble_2006-150x150.jpg 150w\" sizes=\"auto, (max-width: 300px) 100vw, 300px\" \/>\t\t\t\t\t\t\t\t\t\t\t\t\t\t<\/p>\n<p>La n\u00e9buleuse d&rsquo;Orion, \u00e9galement connue sous le nom de Messier 42, M42 ou NGC 1976, est une n\u00e9buleuse diffuse situ\u00e9e au sud de la ceinture d&rsquo;Orion.6 C&rsquo;est l&rsquo;une des n\u00e9buleuses les plus brillantes existantes, et elle peut \u00eatre observ\u00e9e \u00e0 l&rsquo;\u0153il nu dans le ciel nocturne . Il est situ\u00e9 \u00e0 1270 \u00b1 76 ann\u00e9es-lumi\u00e8re de la Terre, 2 bien que sa distance ait maintenant \u00e9t\u00e9 mesur\u00e9e \u00e0 1350 ann\u00e9es-lumi\u00e8re, et ait un diam\u00e8tre approximatif de 24 ann\u00e9es-lumi\u00e8re. Certains documents l&rsquo;appellent la Grande N\u00e9buleuse d&rsquo;Orion, et les textes les plus anciens l&rsquo;appellent Ensis, un mot latin qui signifie \u00ab \u00e9p\u00e9e \u00bb, un nom \u00e9galement re\u00e7u par l&rsquo;\u00e9toile Eta Orionis, qui depuis la Terre est observ\u00e9e tr\u00e8s pr\u00e8s de la n\u00e9buleuse.<\/p>\n<p>\t        SKY ANDALUZ\t        \t    <\/p>\n<h2>TYPES D&rsquo;ENTR\u00c9E<\/h2>\n<h2>\n\t\t\t\t\t\tFAMILIAR\t\t\t\t\t\t<\/h2>\n<p>\t\t\t\t\t\t\tUna pareja y sus hijos<br \/>\n\t\t\t\t\t\t\t\t&#8364;<br \/>\n\t\t\t\t\t\t90\t\t\t\t\t<\/p>\n<ul>\n<li>\n\t\t\t\t\t\t\t\t\t\tHasta 4 hijos\n\t\t\t\t\t\t<\/li>\n<li>\n\t\t\t\t\t\t\t\t\t\tPresentaci\u00f3n del Universo\n\t\t\t\t\t\t<\/li>\n<li>\n\t\t\t\t\t\t\t\t\t\tObservaciones\n\t\t\t\t\t\t<\/li>\n<\/ul>\n<p>\t\t\t\t\t\t\t\t\t\t\t<a href=\"https:\/\/skyandaluz.com\/compra-de-entradas\/\"><br \/>\n\t\t\t\t\t\t\tComprar\t\t\t\t\t\t<\/a><\/p>\n<h2>\n\t\t\t\t\t\tINDIVIDUAL\t\t\t\t\t\t<\/h2>\n<p>\t\t\t\t\t\t\tPrecio por persona<br \/>\n\t\t\t\t\t\t\t\t&#8364;<br \/>\n\t\t\t\t\t\t35\t\t\t\t\t<\/p>\n<ul>\n<li>\n\t\t\t\t\t\t\t\t\t\tEntrada por persona\n\t\t\t\t\t\t<\/li>\n<li>\n\t\t\t\t\t\t\t\t\t\tPresentaci\u00f3n del Universo\n\t\t\t\t\t\t<\/li>\n<li>\n\t\t\t\t\t\t\t\t\t\tObservaciones\n\t\t\t\t\t\t<\/li>\n<\/ul>\n<p>\t\t\t\t\t\t\t\t\t\t\t<a href=\"https:\/\/skyandaluz.com\/compra-de-entradas\/\"><br \/>\n\t\t\t\t\t\t\tComprar\t\t\t\t\t\t<\/a><br \/>\n\t\t\t\t\tPopular\t\t\t\t<\/p>\n<h2>\n\t\t\t\t\t\tEXCLUSIVO\t\t\t\t\t\t<\/h2>\n<p>\t\t\t\t\t\t\tL\u00edmite 15 personas<br \/>\n\t\t\t\t\t\t\t\t&#8364;<br \/>\n\t\t\t\t\t\t400\t\t\t\t\t<\/p>\n<ul>\n<li>\n\t\t\t\t\t\t\t\t\t\tUna visita personal o de grupo\n\t\t\t\t\t\t<\/li>\n<li>\n\t\t\t\t\t\t\t\t\t\tPresentaci\u00f3n del Universo\n\t\t\t\t\t\t<\/li>\n<li>\n\t\t\t\t\t\t\t\t\t\tObservaciones\n\t\t\t\t\t\t<\/li>\n<\/ul>\n<p>\t\t\t\t\t\t\t\t\t\t\t<a href=\"https:\/\/skyandaluz.com\/compra-de-entradas\/\"><br \/>\n\t\t\t\t\t\t\tComprar\t\t\t\t\t\t<\/a><\/p>\n","protected":false},"excerpt":{"rendered":"<p>D\u00e9couvrir l&rsquo;Univers Qu&rsquo;allons-nous voir Vivez une exp\u00e9rience unique et d\u00e9couvrez les extr\u00e9mit\u00e9s de l&rsquo;univers du premier trimestre de l&rsquo;ann\u00e9e. JANVIER F\u00c9VRIER MARS >> [rank_math_breadcrumb] OBSERVACIONES Anterior Siguiente OBSERVACIONES Conna\u00eetre en profondeur Dans cette section, vous pourrez en apprendre un peu plus sur les objets que nous verrons dans l&rsquo;observation astronomique du mois. Choisissez l&rsquo;objet astronomique [&hellip;]<\/p>\n","protected":false},"author":3,"featured_media":0,"parent":6759,"menu_order":1,"comment_status":"closed","ping_status":"closed","template":"elementor_header_footer","meta":{"footnotes":""},"class_list":["post-6767","page","type-page","status-publish","hentry"],"_links":{"self":[{"href":"https:\/\/skyandaluz.com\/fr\/wp-json\/wp\/v2\/pages\/6767","targetHints":{"allow":["GET"]}}],"collection":[{"href":"https:\/\/skyandaluz.com\/fr\/wp-json\/wp\/v2\/pages"}],"about":[{"href":"https:\/\/skyandaluz.com\/fr\/wp-json\/wp\/v2\/types\/page"}],"author":[{"embeddable":true,"href":"https:\/\/skyandaluz.com\/fr\/wp-json\/wp\/v2\/users\/3"}],"replies":[{"embeddable":true,"href":"https:\/\/skyandaluz.com\/fr\/wp-json\/wp\/v2\/comments?post=6767"}],"version-history":[{"count":10,"href":"https:\/\/skyandaluz.com\/fr\/wp-json\/wp\/v2\/pages\/6767\/revisions"}],"predecessor-version":[{"id":8360,"href":"https:\/\/skyandaluz.com\/fr\/wp-json\/wp\/v2\/pages\/6767\/revisions\/8360"}],"up":[{"embeddable":true,"href":"https:\/\/skyandaluz.com\/fr\/wp-json\/wp\/v2\/pages\/6759"}],"wp:attachment":[{"href":"https:\/\/skyandaluz.com\/fr\/wp-json\/wp\/v2\/media?parent=6767"}],"curies":[{"name":"wp","href":"https:\/\/api.w.org\/{rel}","templated":true}]}}