{"id":6877,"date":"2021-12-16T11:21:37","date_gmt":"2021-12-16T11:21:37","guid":{"rendered":"https:\/\/skyandaluz.com\/avis-juridique\/"},"modified":"2021-12-17T09:31:35","modified_gmt":"2021-12-17T09:31:35","slug":"avis-juridique","status":"publish","type":"page","link":"https:\/\/skyandaluz.com\/fr\/avis-juridique\/","title":{"rendered":"Avis juridique"},"content":{"rendered":"\t\t<div data-elementor-type=\"wp-page\" data-elementor-id=\"6877\" class=\"elementor elementor-6877 elementor-4593\" data-elementor-post-type=\"page\">\n\t\t\t\t\t\t<section class=\"elementor-section elementor-top-section elementor-element elementor-element-3db151e elementor-section-height-min-height elementor-section-boxed elementor-section-height-default elementor-section-items-middle\" data-id=\"3db151e\" data-element_type=\"section\" data-e-type=\"section\" data-settings=\"{&quot;background_background&quot;:&quot;video&quot;,&quot;background_video_link&quot;:&quot;https:\\\/\\\/skyandaluz.com\\\/wp-content\\\/uploads\\\/2026\\\/05\\\/skyandaluz2_v1-1080p.mp4&quot;,&quot;background_play_on_mobile&quot;:&quot;yes&quot;}\">\n\t\t\t\t\t\t\t\t<div class=\"elementor-background-video-container\">\n\t\t\t\t\t\t\t\t\t\t\t\t\t<video class=\"elementor-background-video-hosted\" role=\"presentation\" autoplay muted playsinline loop><\/video>\n\t\t\t\t\t\t\t\t\t\t\t<\/div>\n\t\t\t\t\t\t\t\t<div class=\"elementor-container elementor-column-gap-default\">\n\t\t\t\t\t<div class=\"elementor-column elementor-col-100 elementor-top-column elementor-element elementor-element-ad07e52 ot-flex-column-vertical\" data-id=\"ad07e52\" data-element_type=\"column\" data-e-type=\"column\">\n\t\t\t<div class=\"elementor-widget-wrap elementor-element-populated\">\n\t\t\t\t\t\t<div class=\"elementor-element elementor-element-ff77a6d elementor-widget elementor-widget-iheading\" data-id=\"ff77a6d\" data-element_type=\"widget\" data-e-type=\"widget\" data-widget_type=\"iheading.default\">\n\t\t\t\t<div class=\"elementor-widget-container\">\n\t\t\t\t\t\t\t<div class=\"ot-heading\">\r\n\t        <span class=\"is_line\">SKY ANDALUZ<\/span>\t        <h1 class=\"main-head\">Aviso Legal<\/h1>\t    <\/div>\r\n\t    \t\t\t\t<\/div>\n\t\t\t\t<\/div>\n\t\t\t\t<div class=\"elementor-element elementor-element-99ce1b9 elementor-widget-divider--view-line elementor-widget elementor-widget-divider\" data-id=\"99ce1b9\" data-element_type=\"widget\" data-e-type=\"widget\" data-widget_type=\"divider.default\">\n\t\t\t\t<div class=\"elementor-widget-container\">\n\t\t\t\t\t\t\t<div class=\"elementor-divider\">\n\t\t\t<span class=\"elementor-divider-separator\">\n\t\t\t\t\t\t<\/span>\n\t\t<\/div>\n\t\t\t\t\t\t<\/div>\n\t\t\t\t<\/div>\n\t\t\t\t\t<\/div>\n\t\t<\/div>\n\t\t\t\t\t<\/div>\n\t\t<\/section>\n\t\t\t\t<section class=\"elementor-section elementor-top-section elementor-element elementor-element-56bd325 elementor-section-height-min-height elementor-section-boxed elementor-section-height-default elementor-section-items-middle\" data-id=\"56bd325\" data-element_type=\"section\" data-e-type=\"section\" data-settings=\"{&quot;shape_divider_top&quot;:&quot;mountains&quot;}\">\n\t\t\t\t\t<div class=\"elementor-shape elementor-shape-top\" aria-hidden=\"true\" data-negative=\"false\">\n\t\t\t<svg xmlns=\"http:\/\/www.w3.org\/2000\/svg\" viewBox=\"0 0 1000 100\" preserveAspectRatio=\"none\">\n\t<path class=\"elementor-shape-fill\" opacity=\"0.33\" d=\"M473,67.3c-203.9,88.3-263.1-34-320.3,0C66,119.1,0,59.7,0,59.7V0h1000v59.7 c0,0-62.1,26.1-94.9,29.3c-32.8,3.3-62.8-12.3-75.8-22.1C806,49.6,745.3,8.7,694.9,4.7S492.4,59,473,67.3z\"\/>\n\t<path class=\"elementor-shape-fill\" opacity=\"0.66\" d=\"M734,67.3c-45.5,0-77.2-23.2-129.1-39.1c-28.6-8.7-150.3-10.1-254,39.1 s-91.7-34.4-149.2,0C115.7,118.3,0,39.8,0,39.8V0h1000v36.5c0,0-28.2-18.5-92.1-18.5C810.2,18.1,775.7,67.3,734,67.3z\"\/>\n\t<path class=\"elementor-shape-fill\" d=\"M766.1,28.9c-200-57.5-266,65.5-395.1,19.5C242,1.8,242,5.4,184.8,20.6C128,35.8,132.3,44.9,89.9,52.5C28.6,63.7,0,0,0,0 h1000c0,0-9.9,40.9-83.6,48.1S829.6,47,766.1,28.9z\"\/>\n<\/svg>\t\t<\/div>\n\t\t\t\t\t<div class=\"elementor-container elementor-column-gap-default\">\n\t\t\t\t\t<div class=\"elementor-column elementor-col-100 elementor-top-column elementor-element elementor-element-5a010a7 ot-flex-column-vertical\" data-id=\"5a010a7\" data-element_type=\"column\" data-e-type=\"column\">\n\t\t\t<div class=\"elementor-widget-wrap elementor-element-populated\">\n\t\t\t\t\t\t<div class=\"elementor-element elementor-element-52a7160 elementor-widget elementor-widget-text-editor\" data-id=\"52a7160\" data-element_type=\"widget\" data-e-type=\"widget\" data-widget_type=\"text-editor.default\">\n\t\t\t\t<div class=\"elementor-widget-container\">\n\t\t\t\t\t\t\t\t\t<nav aria-label=\"breadcrumbs\" class=\"rank-math-breadcrumb\"><p><span class=\"last\">Home<\/span><\/p><\/nav>\n\t\t\t\t\t\t\t\t<\/div>\n\t\t\t\t<\/div>\n\t\t\t\t\t<\/div>\n\t\t<\/div>\n\t\t\t\t\t<\/div>\n\t\t<\/section>\n\t\t\t\t<section class=\"elementor-section elementor-top-section elementor-element elementor-element-18ba59c elementor-section-boxed elementor-section-height-default elementor-section-height-default\" data-id=\"18ba59c\" data-element_type=\"section\" data-e-type=\"section\">\n\t\t\t\t\t\t<div class=\"elementor-container elementor-column-gap-default\">\n\t\t\t\t\t<div class=\"elementor-column elementor-col-100 elementor-top-column elementor-element elementor-element-9ffc9aa ot-flex-column-vertical\" data-id=\"9ffc9aa\" data-element_type=\"column\" data-e-type=\"column\">\n\t\t\t<div class=\"elementor-widget-wrap elementor-element-populated\">\n\t\t\t\t\t\t<div class=\"elementor-element elementor-element-d00a14a elementor-widget elementor-widget-text-editor\" data-id=\"d00a14a\" data-element_type=\"widget\" data-e-type=\"widget\" data-widget_type=\"text-editor.default\">\n\t\t\t\t<div class=\"elementor-widget-container\">\n\t\t\t\t\t\t\t\t\t<h2>Donn\u00e9es d&rsquo;identification<\/h2>\n<p><span style=\"font-weight: 400;\">La soci\u00e9t\u00e9 propri\u00e9taire du domaine Web est SKY ANDALUZ SL (ci-apr\u00e8s Sky Andaluz), dont l&rsquo;adresse \u00e0 ces fins est CTRA DE GRANADA 8 ALHAMA DE GRANADA 18120-GRANADA, num\u00e9ro NIF \/ NIE \/ CIF : B42834911 EUID : ES18020.000202979. Adresse e-mail de contact du site Web<\/span>: <a href=\"mailto:info@skyandaluz.com\">info@skyandaluz.com<\/a><\/p>\n<p>Conform\u00e9ment au r\u00e8glement (UE) 2016\/679 du Parlement europ\u00e9en et du Conseil du 27 avril 2016 relatif \u00e0 la protection des personnes physiques \u00e0 l&rsquo;\u00e9gard des traitements de donn\u00e9es \u00e0 caract\u00e8re personnel, par lequel la directive 95\/46\/CE (ci-apr\u00e8s, RGPD), de la loi 34\/2002 du 11 juillet, relative aux services de la soci\u00e9t\u00e9 de l&rsquo;information et du commerce \u00e9lectronique (ci-apr\u00e8s, LSSI-CE) et de la loi organique 3\/2018 du 5 d\u00e9cembre, Protection des donn\u00e9es personnelles et garantie des droits num\u00e9riques (ci-apr\u00e8s , LOPDGDD), Sky Andaluz garantit la protection et la confidentialit\u00e9 des donn\u00e9es personnelles, de tout type fournies par nos clients, conform\u00e9ment aux dispositions du R\u00e8glement g\u00e9n\u00e9ral sur la protection des donn\u00e9es personnelles.<\/p>\n<h2>Utilisateurs<\/h2>\n<p>L&rsquo;acc\u00e8s et\/ou l&rsquo;utilisation de ce portail Sky Andaluz attribue la condition d&rsquo;UTILISATEUR, qui accepte, \u00e0 partir dudit acc\u00e8s et\/ou utilisation, les Conditions G\u00e9n\u00e9rales d&rsquo;Utilisation \u00e9num\u00e9r\u00e9es ici. Les Conditions susmentionn\u00e9es seront applicables quelles que soient les Conditions G\u00e9n\u00e9rales de Contrat qui, dans leur cas, sont obligatoires.<\/p>\n<h2>Utilisation du portail<\/h2>\n<p><a href=\"https:\/\/skyandaluz.com\/fr\/\">skyandaluz.com\/<\/a> donne acc\u00e8s \u00e0 une multitude d&rsquo;informations, de services, de programmes ou de donn\u00e9es (ci-apr\u00e8s, \u00ab\u00a0les contenus\u00a0\u00bb) sur Internet appartenant \u00e0 Sky Andaluz ou \u00e0 ses conc\u00e9dants de licence auxquels l&rsquo;UTILISATEUR peut avoir acc\u00e8s.<\/p>\n<p>L&rsquo;UTILISATEUR assume la responsabilit\u00e9 de l&rsquo;utilisation du portail. Cette responsabilit\u00e9 s&rsquo;\u00e9tend \u00e0 l&rsquo;enregistrement n\u00e9cessaire pour acc\u00e9der \u00e0 certains services ou contenus. Lors de cette inscription, l&rsquo;UTILISATEUR sera responsable de fournir des informations v\u00e9ridiques et licites. A la suite de cette inscription, l&rsquo;UTILISATEUR pourra se voir attribuer un mot de passe dont il sera responsable, s&rsquo;engageant \u00e0 en faire un usage diligent et confidentiel.<\/p>\n<p>L&rsquo;UTILISATEUR s&rsquo;engage \u00e0 faire un usage appropri\u00e9 du contenu et des services (tels que les services de chat, les forums de discussion ou les groupes de discussion) que Sky Andaluz propose \u00e0 travers son portail et avec un caract\u00e8re \u00e9nonciatif mais non limitatif, de ne pas les utiliser pour (i) se livrer \u00e0 des activit\u00e9s illicites, ill\u00e9gales ou contraires \u00e0 la bonne foi et \u00e0 l&rsquo;ordre public; (ii) diffuser du contenu ou de la propagande \u00e0 caract\u00e8re raciste, x\u00e9nophobe, pornographique ill\u00e9gal, en d\u00e9fense du terrorisme ou en violation des droits de l&rsquo;homme ; (iii) causer des dommages aux syst\u00e8mes physiques et logiques de Sky Andaluz, de ses fournisseurs ou de tiers, introduire ou propager des virus informatiques ou tout autre syst\u00e8me physique ou logique capable de causer les dommages susmentionn\u00e9s; (iv) essayer d&rsquo;acc\u00e9der et, le cas \u00e9ch\u00e9ant, d&rsquo;utiliser les comptes de messagerie d&rsquo;autres utilisateurs et modifier ou manipuler leurs messages. Sky Andaluz se r\u00e9serve le droit de retirer tous les commentaires et contributions qui violent le respect de la dignit\u00e9 de la personne, qui sont discriminatoires, x\u00e9nophobes, racistes, pornographiques, qui menacent la jeunesse ou l&rsquo;enfance, l&rsquo;ordre ou la s\u00e9curit\u00e9 publique ou qui, \u00e0 son avis, n&rsquo;\u00e9taient pas adapt\u00e9 \u00e0 la publication. Dans tous les cas, Sky Andaluz ne sera pas responsable des opinions exprim\u00e9es par les utilisateurs via des forums, des chats ou d&rsquo;autres outils de participation.<\/p>\n<h2>Propri\u00e9t\u00e9 intellectuelle et industrielle<\/h2>\n<p>Sky Andaluz, par elle-m\u00eame ou en tant que cessionnaire, est propri\u00e9taire de tous les droits de propri\u00e9t\u00e9 intellectuelle et industrielle de son site Internet, ainsi que des \u00e9l\u00e9ments qui y figurent (\u00e0 titre d&rsquo;exemple, images, graphismes, sons, sons, vid\u00e9os, logiciels, code source ou textes; marques ou logos, combinaisons de couleurs, structure et conception, s\u00e9lection des mat\u00e9riaux utilis\u00e9s, programmes informatiques n\u00e9cessaires \u00e0 son fonctionnement, acc\u00e8s et utilisation, etc.), propri\u00e9t\u00e9 de Sky Andaluz ou de ses conc\u00e9dants de licence et sont prot\u00e9g\u00e9s par la l\u00e9gislation espagnole sur droits de propri\u00e9t\u00e9 intellectuelle et industrielle en faveur de Sky Andaluz.<\/p>\n<p>Tous droits r\u00e9serv\u00e9s. En vertu des dispositions des articles 8 et 32.1, deuxi\u00e8me alin\u00e9a, de la Loi sur la propri\u00e9t\u00e9 intellectuelle et quel que soit le but auquel elles \u00e9taient destin\u00e9es, la reproduction, la distribution et\/ou la communication publique, y compris ses modalit\u00e9s, sont express\u00e9ment interdites. tout ou partie du contenu de cette page Web disponible, \u00e0 des fins commerciales, sur tout support et par tout moyen technique, sans l&rsquo;autorisation de Sky Andaluz.<\/p>\n<p>L&rsquo;UTILISATEUR s&rsquo;engage \u00e0 respecter les droits de propri\u00e9t\u00e9 intellectuelle et industrielle d\u00e9tenus par Sky Andaluz ou ses conc\u00e9dants de licence. Vous pouvez visualiser les \u00e9l\u00e9ments du portail et m\u00eame les imprimer, les copier et les stocker sur le disque dur de votre ordinateur ou sur tout autre support physique pourvu que ce soit uniquement et exclusivement pour votre usage personnel et priv\u00e9. L&rsquo;UTILISATEUR doit s&rsquo;abstenir de supprimer, modifier, \u00e9luder ou manipuler tout dispositif de protection ou syst\u00e8me de s\u00e9curit\u00e9 install\u00e9 sur les pages Sky Andaluz.<\/p>\n<h2>Exclusion de garanties et de responsabilit\u00e9<\/h2>\n<p>Sky Andaluz s&rsquo;engage \u00e0 ne pas faire de publicit\u00e9 mensong\u00e8re et n&rsquo;est en aucun cas responsable des dommages de toute nature pouvant occasionner, \u00e0 titre d&rsquo;exemple : des erreurs ou des omissions dans le contenu, l&rsquo;indisponibilit\u00e9 du portail ou la transmission de virus ou ou des programmes nuisibles dans le contenu, bien qu&rsquo;ayant adopt\u00e9 toutes les mesures technologiques n\u00e9cessaires pour l&rsquo;\u00e9viter et s&rsquo;engage \u00e0 le corriger d\u00e8s qu&rsquo;il aura connaissance desdites erreurs.<\/p>\n<p>\u00c0 ces fins, par cons\u00e9quent, les erreurs formelles ou num\u00e9riques pouvant \u00eatre trouv\u00e9es dans le contenu des diff\u00e9rentes sections du site Web de Sky Andaluz, produites \u00e0 la suite d&rsquo;une maintenance et \/ ou d&rsquo;une mise \u00e0 jour incompl\u00e8tes ou incompl\u00e8tes, ne seront pas consid\u00e9r\u00e9es comme de la publicit\u00e9 mensong\u00e8re. contenus dans ces sections. Sky Andaluz, en cons\u00e9quence des dispositions du pr\u00e9sent article, s&rsquo;engage \u00e0 le corriger d\u00e8s qu&rsquo;il aura connaissance desdites erreurs.<\/p>\n<p>Sky Andaluz n&rsquo;est pas responsable de l&rsquo;utilisation ill\u00e9gitime que des tiers pourraient faire des noms de marque, noms de produits, marques d\u00e9pos\u00e9es qui, n&rsquo;\u00e9tant pas la propri\u00e9t\u00e9 de ladite entit\u00e9, apparaissent sur ce site Web. En d\u00e9finitive, l&rsquo;UTILISATEUR est seul responsable de l&rsquo;utilisation qui est faite des services, contenus, liens (links) et hypertextes inclus dans ce site.<\/p>\n<p>Sky Andaluz n&rsquo;est pas responsable de la violation de toute r\u00e8gle applicable que l&rsquo;utilisateur pourrait encourir lors de l&rsquo;acc\u00e8s au site Web, \u00e0 ce site Web et \/ ou lors de l&rsquo;utilisation des informations qu&rsquo;il contient.<\/p>\n<p>Sky Andaluz, est mis \u00e0 la disposition de tous les utilisateurs, autorit\u00e9s et forces de s\u00e9curit\u00e9, et collabore activement au retrait ou, le cas \u00e9ch\u00e9ant, au blocage de tous les contenus qui pourraient affecter ou contrevenir \u00e0 la l\u00e9gislation nationale ou internationale, aux droits des tiers ou \u00e0 la moralit\u00e9 et au public ordre.<\/p>\n<p>Dans le cas o\u00f9 l&rsquo;UTILISATEUR consid\u00e8re qu&rsquo;il existe un contenu sur le site Web qui pourrait \u00eatre soumis \u00e0 cette classification, veuillez en informer imm\u00e9diatement l&rsquo;administrateur du site Web par e-mail <a href=\"mailto:info@skyandaluz.com\">info@skyandaluz.com<\/a><\/p>\n<h2>Modifications<\/h2>\n<p>Sky Andaluz se r\u00e9serve le droit d&rsquo;apporter les modifications qu&rsquo;il juge appropri\u00e9es sur son portail sans pr\u00e9avis, pouvant modifier, supprimer ou ajouter \u00e0 la fois le contenu et les services fournis par son interm\u00e9diaire et la mani\u00e8re dont ils sont pr\u00e9sent\u00e9s ou situ\u00e9s sur votre portail.<\/p>\n<h2>Liens<\/h2>\n<p>Dans le cas o\u00f9 Sky Andaluz dispose de liens ou d&rsquo;hyperliens vers d&rsquo;autres sites Internet, Sky Andaluz n&rsquo;exercera aucun type de contr\u00f4le sur lesdits sites et contenus. En aucun cas, Sky Andaluz n&rsquo;assumera la responsabilit\u00e9 du contenu de tout lien appartenant \u00e0 un site Web tiers, ni ne garantira la disponibilit\u00e9 technique, la qualit\u00e9, la fiabilit\u00e9, l&rsquo;exactitude, l&rsquo;\u00e9tendue, la v\u00e9racit\u00e9, la validit\u00e9 et la constitutionnalit\u00e9 de tout mat\u00e9riel ou information. contenus dans l&rsquo;un de ces hyperliens ou autres sites Internet. De m\u00eame, l&rsquo;inclusion de ces connexions externes n&rsquo;impliquera aucun type d&rsquo;association, de fusion ou de participation avec les entit\u00e9s connect\u00e9es.<\/p>\n<h2>Droit d&rsquo;exclusion<\/h2>\n<p>Sky Andaluz se r\u00e9serve le droit de refuser ou de retirer l&rsquo;acc\u00e8s au portail et\/ou aux services offerts sans pr\u00e9avis, \u00e0 sa propre demande ou d&rsquo;un tiers, aux utilisateurs qui ne respecteraient pas les pr\u00e9sentes conditions g\u00e9n\u00e9rales d&rsquo;utilisation.<\/p>\n<h2>G\u00e9n\u00e9ralit\u00e9s<\/h2>\n<p>Sky Andaluz, assurera le respect des conditions ci-dessus ainsi que la bonne utilisation du contenu pr\u00e9sent\u00e9 sur ses pages Web, en exer\u00e7ant toutes les actions civiles et p\u00e9nales qui lui correspondent en cas de violation ou de violation de ces droits par l&rsquo;UTILISATEUR. et peut modifier, sans pr\u00e9avis, les informations contenues dans son site Internet, ainsi que sa configuration et sa pr\u00e9sentation.<\/p>\n<p>Sky Andaluz s&rsquo;engage \u00e0 NE PAS ENVOYER DE CORRESPONDANCE PUBLICITAIRE SANS L&rsquo;IDENTIFIER COMME TEL, conform\u00e9ment aux dispositions de la loi 34\/2002 sur les services de la soci\u00e9t\u00e9 de l&rsquo;information et du commerce \u00e9lectronique. \u00c0 ces fins, toutes les informations envoy\u00e9es aux clients de Sky Andaluz ne seront pas consid\u00e9r\u00e9es comme une communication commerciale, \u00e0 condition que leur objectif soit de maintenir la relation contractuelle existante entre le client et Sky Andaluz, ainsi que l&rsquo;ex\u00e9cution de t\u00e2ches d&rsquo;information et de formation. et autres activit\u00e9s du service que le client a contract\u00e9es avec l&rsquo;entreprise.<\/p>\n<h2>Modification de ces conditions et dur\u00e9e<\/h2>\n<p>Sky Andaluz peut modifier cette politique \u00e0 tout moment pour l&rsquo;adapter \u00e0 la nouvelle l\u00e9gislation ou jurisprudence ainsi qu&rsquo;aux pratiques de l&rsquo;industrie, \u00e9tant d\u00fbment publi\u00e9es telles qu&rsquo;elles apparaissent ici. La validit\u00e9 des conditions susmentionn\u00e9es d\u00e9pendra de leur exposition et sera en vigueur jusqu&rsquo;\u00e0 ce qu&rsquo;elles soient modifi\u00e9es par d&rsquo;autres d\u00fbment publi\u00e9es.<\/p>\n<h2>Droit applicable et juridiction<\/h2>\n<p>La relation entre Sky Andaluz et l&rsquo;utilisateur sera r\u00e9gie par la r\u00e9glementation espagnole en vigueur et tout litige sera soumis aux cours et tribunaux de la ville de GRENADE.<\/p>\n\t\t\t\t\t\t\t\t<\/div>\n\t\t\t\t<\/div>\n\t\t\t\t\t<\/div>\n\t\t<\/div>\n\t\t\t\t\t<\/div>\n\t\t<\/section>\n\t\t\t\t<\/div>\n\t\t","protected":false},"excerpt":{"rendered":"<p>SKY ANDALUZ Aviso Legal Donn\u00e9es d&rsquo;identification La soci\u00e9t\u00e9 propri\u00e9taire du domaine Web est SKY ANDALUZ SL (ci-apr\u00e8s Sky Andaluz), dont l&rsquo;adresse \u00e0 ces fins est CTRA DE GRANADA 8 ALHAMA DE GRANADA 18120-GRANADA, num\u00e9ro NIF \/ NIE \/ CIF : B42834911 EUID : ES18020.000202979. Adresse e-mail de contact du site Web: info@skyandaluz.com Conform\u00e9ment au r\u00e8glement [&hellip;]<\/p>\n","protected":false},"author":3,"featured_media":0,"parent":0,"menu_order":100,"comment_status":"closed","ping_status":"closed","template":"elementor_header_footer","meta":{"footnotes":""},"class_list":["post-6877","page","type-page","status-publish","hentry"],"_links":{"self":[{"href":"https:\/\/skyandaluz.com\/fr\/wp-json\/wp\/v2\/pages\/6877","targetHints":{"allow":["GET"]}}],"collection":[{"href":"https:\/\/skyandaluz.com\/fr\/wp-json\/wp\/v2\/pages"}],"about":[{"href":"https:\/\/skyandaluz.com\/fr\/wp-json\/wp\/v2\/types\/page"}],"author":[{"embeddable":true,"href":"https:\/\/skyandaluz.com\/fr\/wp-json\/wp\/v2\/users\/3"}],"replies":[{"embeddable":true,"href":"https:\/\/skyandaluz.com\/fr\/wp-json\/wp\/v2\/comments?post=6877"}],"version-history":[{"count":1,"href":"https:\/\/skyandaluz.com\/fr\/wp-json\/wp\/v2\/pages\/6877\/revisions"}],"predecessor-version":[{"id":6878,"href":"https:\/\/skyandaluz.com\/fr\/wp-json\/wp\/v2\/pages\/6877\/revisions\/6878"}],"wp:attachment":[{"href":"https:\/\/skyandaluz.com\/fr\/wp-json\/wp\/v2\/media?parent=6877"}],"curies":[{"name":"wp","href":"https:\/\/api.w.org\/{rel}","templated":true}]}}