{"id":6883,"date":"2021-12-16T11:21:54","date_gmt":"2021-12-16T11:21:54","guid":{"rendered":"https:\/\/skyandaluz.com\/politique-de-confidentialite\/"},"modified":"2021-12-17T09:31:35","modified_gmt":"2021-12-17T09:31:35","slug":"politique-de-confidentialite","status":"publish","type":"page","link":"https:\/\/skyandaluz.com\/fr\/politique-de-confidentialite\/","title":{"rendered":"Politique de confidentialit\u00e9"},"content":{"rendered":"\t\t<div data-elementor-type=\"wp-page\" data-elementor-id=\"6883\" class=\"elementor elementor-6883 elementor-4599\" data-elementor-post-type=\"page\">\n\t\t\t\t\t\t<section class=\"elementor-section elementor-top-section elementor-element elementor-element-3db151e elementor-section-height-min-height elementor-section-boxed elementor-section-height-default elementor-section-items-middle\" data-id=\"3db151e\" data-element_type=\"section\" data-e-type=\"section\" data-settings=\"{&quot;background_background&quot;:&quot;video&quot;,&quot;background_video_link&quot;:&quot;https:\\\/\\\/vimeo.com\\\/540611078&quot;,&quot;background_play_on_mobile&quot;:&quot;yes&quot;}\">\n\t\t\t\t\t\t\t\t<div class=\"elementor-background-video-container\">\n\t\t\t\t\t\t\t\t\t\t\t\t\t<div class=\"elementor-background-video-embed\" role=\"presentation\"><\/div>\n\t\t\t\t\t\t\t\t\t\t\t\t<\/div>\n\t\t\t\t\t\t\t\t<div class=\"elementor-container elementor-column-gap-default\">\n\t\t\t\t\t<div class=\"elementor-column elementor-col-100 elementor-top-column elementor-element elementor-element-ad07e52 ot-flex-column-vertical\" data-id=\"ad07e52\" data-element_type=\"column\" data-e-type=\"column\">\n\t\t\t<div class=\"elementor-widget-wrap elementor-element-populated\">\n\t\t\t\t\t\t<div class=\"elementor-element elementor-element-ff77a6d elementor-widget elementor-widget-iheading\" data-id=\"ff77a6d\" data-element_type=\"widget\" data-e-type=\"widget\" data-widget_type=\"iheading.default\">\n\t\t\t\t<div class=\"elementor-widget-container\">\n\t\t\t\t\t\t\t<div class=\"ot-heading\">\r\n\t        <span class=\"is_line\">SKY ANDALUZ<\/span>\t        <h1 class=\"main-head\">Pol\u00edtica de privacidad<\/h1>\t    <\/div>\r\n\t    \t\t\t\t<\/div>\n\t\t\t\t<\/div>\n\t\t\t\t<div class=\"elementor-element elementor-element-99ce1b9 elementor-widget-divider--view-line elementor-widget elementor-widget-divider\" data-id=\"99ce1b9\" data-element_type=\"widget\" data-e-type=\"widget\" data-widget_type=\"divider.default\">\n\t\t\t\t<div class=\"elementor-widget-container\">\n\t\t\t\t\t\t\t<div class=\"elementor-divider\">\n\t\t\t<span class=\"elementor-divider-separator\">\n\t\t\t\t\t\t<\/span>\n\t\t<\/div>\n\t\t\t\t\t\t<\/div>\n\t\t\t\t<\/div>\n\t\t\t\t\t<\/div>\n\t\t<\/div>\n\t\t\t\t\t<\/div>\n\t\t<\/section>\n\t\t\t\t<section class=\"elementor-section elementor-top-section elementor-element elementor-element-56bd325 elementor-section-height-min-height elementor-section-boxed elementor-section-height-default elementor-section-items-middle\" data-id=\"56bd325\" data-element_type=\"section\" data-e-type=\"section\" data-settings=\"{&quot;shape_divider_top&quot;:&quot;mountains&quot;}\">\n\t\t\t\t\t<div class=\"elementor-shape elementor-shape-top\" aria-hidden=\"true\" data-negative=\"false\">\n\t\t\t<svg xmlns=\"http:\/\/www.w3.org\/2000\/svg\" viewBox=\"0 0 1000 100\" preserveAspectRatio=\"none\">\n\t<path class=\"elementor-shape-fill\" opacity=\"0.33\" d=\"M473,67.3c-203.9,88.3-263.1-34-320.3,0C66,119.1,0,59.7,0,59.7V0h1000v59.7 c0,0-62.1,26.1-94.9,29.3c-32.8,3.3-62.8-12.3-75.8-22.1C806,49.6,745.3,8.7,694.9,4.7S492.4,59,473,67.3z\"\/>\n\t<path class=\"elementor-shape-fill\" opacity=\"0.66\" d=\"M734,67.3c-45.5,0-77.2-23.2-129.1-39.1c-28.6-8.7-150.3-10.1-254,39.1 s-91.7-34.4-149.2,0C115.7,118.3,0,39.8,0,39.8V0h1000v36.5c0,0-28.2-18.5-92.1-18.5C810.2,18.1,775.7,67.3,734,67.3z\"\/>\n\t<path class=\"elementor-shape-fill\" d=\"M766.1,28.9c-200-57.5-266,65.5-395.1,19.5C242,1.8,242,5.4,184.8,20.6C128,35.8,132.3,44.9,89.9,52.5C28.6,63.7,0,0,0,0 h1000c0,0-9.9,40.9-83.6,48.1S829.6,47,766.1,28.9z\"\/>\n<\/svg>\t\t<\/div>\n\t\t\t\t\t<div class=\"elementor-container elementor-column-gap-default\">\n\t\t\t\t\t<div class=\"elementor-column elementor-col-100 elementor-top-column elementor-element elementor-element-5a010a7 ot-flex-column-vertical\" data-id=\"5a010a7\" data-element_type=\"column\" data-e-type=\"column\">\n\t\t\t<div class=\"elementor-widget-wrap elementor-element-populated\">\n\t\t\t\t\t\t<div class=\"elementor-element elementor-element-52a7160 elementor-widget elementor-widget-text-editor\" data-id=\"52a7160\" data-element_type=\"widget\" data-e-type=\"widget\" data-widget_type=\"text-editor.default\">\n\t\t\t\t<div class=\"elementor-widget-container\">\n\t\t\t\t\t\t\t\t\t<nav aria-label=\"breadcrumbs\" class=\"rank-math-breadcrumb\"><p><span class=\"last\">Home<\/span><\/p><\/nav>\n\t\t\t\t\t\t\t\t<\/div>\n\t\t\t\t<\/div>\n\t\t\t\t\t<\/div>\n\t\t<\/div>\n\t\t\t\t\t<\/div>\n\t\t<\/section>\n\t\t\t\t<section class=\"elementor-section elementor-top-section elementor-element elementor-element-18ba59c elementor-section-boxed elementor-section-height-default elementor-section-height-default\" data-id=\"18ba59c\" data-element_type=\"section\" data-e-type=\"section\">\n\t\t\t\t\t\t<div class=\"elementor-container elementor-column-gap-default\">\n\t\t\t\t\t<div class=\"elementor-column elementor-col-100 elementor-top-column elementor-element elementor-element-9ffc9aa ot-flex-column-vertical\" data-id=\"9ffc9aa\" data-element_type=\"column\" data-e-type=\"column\">\n\t\t\t<div class=\"elementor-widget-wrap elementor-element-populated\">\n\t\t\t\t\t\t<div class=\"elementor-element elementor-element-d00a14a elementor-widget elementor-widget-text-editor\" data-id=\"d00a14a\" data-element_type=\"widget\" data-e-type=\"widget\" data-widget_type=\"text-editor.default\">\n\t\t\t\t<div class=\"elementor-widget-container\">\n\t\t\t\t\t\t\t\t\t<p>Pour conna\u00eetre notre politique en mati\u00e8re de cookies, utilis\u00e9e pour collecter des informations aupr\u00e8s des utilisateurs, nous vous invitons \u00e0 lire la section <a href=\"https:\/\/skyandaluz.com\/fr\/politique-de-cookies\/\">Politique de cookies<\/a> de notre site Web.<\/p>\n<p>Conform\u00e9ment aux dispositions du R\u00e8glement (UE) 2016\/679 du Parlement europ\u00e9en et du Conseil du 27 avril 2016 relatif \u00e0 la protection des personnes physiques \u00e0 l&rsquo;\u00e9gard des<br \/>au traitement des donn\u00e9es personnelles et \u00e0 la libre circulation de ces donn\u00e9es, ainsi que dans la loi organique sur la protection des donn\u00e9es, nous vous informons que, <\/p>\n<p>Dans NOMBRE_EMPRESA_SL (ci-apr\u00e8s Sky Andaluz). Nous croyons et d\u00e9fendons que votre vie priv\u00e9e est tr\u00e8s importante et que vous seul devriez \u00eatre en mesure de d\u00e9cider de l&rsquo;utilisation qui est faite de vos informations.<br \/>Pour cette raison, nous nous sommes adapt\u00e9s \u00e0 la r\u00e9glementation europ\u00e9enne pour la protection des donn\u00e9es personnelles et nous mettons \u00e0 votre disposition tout ce dont vous avez besoin pour le comprendre et nous vous demandons de nous dire<br \/>ce que nous pouvons et ne pouvons pas faire avec vos donn\u00e9es.<\/p>\n<p>Conform\u00e9ment au r\u00e8glement (UE) 2016\/679 du Parlement europ\u00e9en et du Conseil du 27 avril 2016 relatif \u00e0 la protection des personnes physiques \u00e0 l&rsquo;\u00e9gard des<br \/>Au traitement des donn\u00e9es personnelles et \u00e0 la libre circulation de ces donn\u00e9es (RGPD), ainsi qu&rsquo;\u00e0 la loi organique sur la protection des donn\u00e9es, nous vous informons de ce qui suit :<\/p>\n\t\t\t\t\t\t\t\t<\/div>\n\t\t\t\t<\/div>\n\t\t\t\t<div class=\"elementor-element elementor-element-609d6da elementor-widget elementor-widget-text-editor\" data-id=\"609d6da\" data-element_type=\"widget\" data-e-type=\"widget\" data-widget_type=\"text-editor.default\">\n\t\t\t\t<div class=\"elementor-widget-container\">\n\t\t\t\t\t\t\t\t\t<table>\n<tbody>\n<tr>\n<td><b>Qui est responsable de vos donn\u00e9es ?<\/b><\/td>\n<td>\n<p><span style=\"font-weight: 400;\">Sky Andaluz<\/span> <span style=\"font-weight: 400;\">avec NIF \/ NIE \/ CIF : B42834911 EUID : ES18020.000202979<\/span><\/p>\n<p><span style=\"font-weight: 400;\">Num\u00e9ro de t\u00e9l\u00e9phone : 623 458 034<\/span><\/p>\n<p><strong><a href=\"mailto:info@skyandaluz.com\">info@skyandaluz.com<\/a><\/strong><\/p>\n<p><span style=\"font-weight: 400;\">Adresse du site : <a href=\"https:\/\/skyandaluz.com\/fr\/\">https:\/\/skyandaluz.com\/<\/a><\/span><\/p>\n<\/td>\n<\/tr>\n<tr>\n<td><b>\u00c0 quoi allons-nous utiliser vos donn\u00e9es?<\/b><\/td>\n<td>\n<p><span style=\"font-weight: 400;\">Chez Sky Andaluz, nous utilisons vos donn\u00e9es personnelles, dans notre int\u00e9r\u00eat l\u00e9gitime :<\/span><\/p>\n<p><span style=\"font-weight: 400;\">&#8211; Si vous \u00eates client : pour g\u00e9rer les donn\u00e9es afin de pouvoir fournir les services de marketing en ligne dont vous avez besoin.<\/span><\/p>\n<p><span style=\"font-weight: 400;\">&#8211; Si vous nous contactez via le web ou les r\u00e9seaux sociaux : pour r\u00e9pondre \u00e0 la demande d&rsquo;informations. Vos donn\u00e9es seront trait\u00e9es afin de g\u00e9rer ledit contact, de r\u00e9pondre aux questions, doutes ou commentaires que vous nous envoyez via les canaux activ\u00e9s \u00e0 cet effet sur notre site Web.<\/span><\/p>\n<p><span style=\"font-weight: 400;\">&#8211; Si vous nous envoyez votre CV : les donn\u00e9es fournies seront trait\u00e9es afin de g\u00e9rer la r\u00e9ception des CV, ainsi que afin d&rsquo;analyser le profil professionnel du candidat et, le cas \u00e9ch\u00e9ant, permettre la participation aux processus de s\u00e9lection.<\/span><\/p>\n<p><span style=\"font-weight: 400;\">Si nous avons votre consentement, vos donn\u00e9es seront utilis\u00e9es pour vous envoyer des communications commerciales, des offres, des lancements, etc., ainsi que pour vous tenir inform\u00e9 de toute notre actualit\u00e9.<\/span><\/p>\n<p><span style=\"font-weight: 400;\">De m\u00eame, nous vous informons que Sky Andaluz ne prendra pas de d\u00e9cisions automatis\u00e9es en fonction de votre profil.<\/span><\/p>\n<\/td>\n<\/tr>\n<tr>\n<td><b>A qui communiquerons-nous vos donn\u00e9es ?<\/b><\/td>\n<td>\n<p><span style=\"font-weight: 400;\">Nous avons une s\u00e9rie d&rsquo;obligations l\u00e9gales que nous devons respecter concernant vos donn\u00e9es. Parmi eux, nous devons fournir ces donn\u00e9es \u00e0 la demande de l&rsquo;administration fiscale.<\/span><\/p>\n<p><span style=\"font-weight: 400;\">En outre, et toujours avec votre consentement, vos donn\u00e9es seront transf\u00e9r\u00e9es aux entit\u00e9s publiques ou priv\u00e9es que vous nous indiquerez pour effectuer tout type de proc\u00e9dure que vous nous demandez de g\u00e9rer en votre nom.<\/span><\/p>\n<p><span style=\"font-weight: 400;\">Vous devez garder \u00e0 l&rsquo;esprit que si vous contactez notre \u00e9quipe via l&rsquo;un des profils sur les r\u00e9seaux sociaux que Sky Andaluz met \u00e0 la disposition des utilisateurs, en plus de nous fournir les donn\u00e9es que vous nous fournissez, vous les transf\u00e9rerez \u00e9galement aux entit\u00e9s responsables de cela. propre r\u00e9seau social. Pour conna\u00eetre l&rsquo;utilisation et le traitement que ces entit\u00e9s font de vos donn\u00e9es, nous vous conseillons de lire attentivement les politiques de confidentialit\u00e9 des r\u00e9seaux sociaux actifs.<\/span><\/p>\n<p><span style=\"font-weight: 400;\">De la m\u00eame mani\u00e8re, si votre int\u00e9r\u00eat est de nous contacter pour participer \u00e0 un processus de s\u00e9lection de personnel que nous avons actif et que votre formulaire de contact se fait via l&rsquo;un des portails de recherche d&#8217;emploi pouvant \u00eatre g\u00e9r\u00e9s \u00e0 partir de cette entit\u00e9, vous devez savoir que en plus de nous fournir vos donn\u00e9es \u00e0 Sky Andaluz, vous les aurez \u00e9galement pr\u00e9alablement transmises (au moment de votre inscription) aux portails d&#8217;emploi dans lesquels vous avez inclus votre profil professionnel. Vous pourrez conna\u00eetre l&rsquo;utilisation, le traitement et les affectations possibles de ces portails, en consultant leurs Politiques de confidentialit\u00e9.<\/span><\/p>\n<\/td>\n<\/tr>\n<tr>\n<td><b>D&rsquo;o\u00f9 obtenons-nous vos donn\u00e9es ?<\/b><\/td>\n<td>\n<p><span style=\"font-weight: 400;\">Nous obtenons vos donn\u00e9es lorsque :<\/span><\/p>\n<p><span style=\"font-weight: 400;\">\u2013Vous nous les fournissez via le formulaire de contact ou lorsque vous vous inscrivez en tant que client pour faire appel \u00e0 nos services.<\/span><\/p>\n<p><span style=\"font-weight: 400;\">-Contactez-nous via le web ou les r\u00e9seaux sociaux.<\/span><\/p>\n<p><span style=\"font-weight: 400;\">-Vous nous envoyez votre CV pour d&rsquo;\u00e9ventuels processus de s\u00e9lection du personnel.<\/span><\/p>\n<\/td>\n<\/tr>\n<tr>\n<td><b>Quels sont vos droits et comment pouvez-vous les exercer ?<\/b><\/td>\n<td>\n<p><span style=\"font-weight: 400;\">Nous vous informons que vous avez le droit d&rsquo;obtenir la confirmation que nous traitons ou non des donn\u00e9es personnelles vous concernant.<\/span><\/p>\n<p><span style=\"font-weight: 400;\">&#8211; Vous pourrez acc\u00e9der, rectifier, supprimer et vous opposer \u00e0 certains traitements, ainsi qu&rsquo;exercer votre droit \u00e0 la limitation de traitement, \u00e0 la portabilit\u00e9 et ne pas faire l&rsquo;objet d&rsquo;une d\u00e9cision individuelle fond\u00e9e uniquement sur un traitement automatis\u00e9.<\/span><\/p>\n<p><span style=\"font-weight: 400;\">&#8211; Acc\u00e9der \u00e0 vos donn\u00e9es : Vous avez le droit d&rsquo;acc\u00e9der \u00e0 vos donn\u00e9es pour savoir quelles donn\u00e9es personnelles nous traitons qui vous concernent.<\/span><\/p>\n<p><span style=\"font-weight: 400;\">&#8211; Demander la rectification ou la suppression de vos donn\u00e9es : Dans certaines circonstances, vous avez le droit de rectifier les donn\u00e9es personnelles que vous jugez inexactes et qui font l&rsquo;objet d&rsquo;un traitement par nos soins, ainsi que le droit de demander la suppression de vos donn\u00e9es lorsque, entre autres, les donn\u00e9es ne sont plus n\u00e9cessaires aux fins pour lesquelles elles ont \u00e9t\u00e9 collect\u00e9es.<\/span><\/p>\n<p><span style=\"font-weight: 400;\">&#8211; Demander la limitation du traitement de vos donn\u00e9es : Dans certaines circonstances, vous aurez le droit de demander la limitation du traitement de vos donn\u00e9es, auquel cas nous vous informons que nous ne conserverons que les donn\u00e9es sur lesquelles vous avez demand\u00e9 la limitation dans le traitement de l&rsquo;exercice ou des revendications de d\u00e9fense.<\/span><\/p>\n<p><span style=\"font-weight: 400;\">&#8211; A la portabilit\u00e9 de vos donn\u00e9es : Dans certaines circonstances, vous aurez le droit de recevoir les donn\u00e9es personnelles qui vous concernent, et que vous nous avez fournies, dans un format structur\u00e9 d&rsquo;usage courant et de lecture m\u00e9canique, ainsi que de les avoir transmis par nous \u00e0 un autre contr\u00f4leur de donn\u00e9es.<\/span><\/p>\n<p><span style=\"font-weight: 400;\">&#8211; Vous opposer au traitement de vos donn\u00e9es : Dans certaines circonstances et pour des raisons li\u00e9es \u00e0 votre situation particuli\u00e8re, vous aurez le droit de vous opposer au traitement de vos donn\u00e9es. Dans ce cas, nous cesserions de les traiter \u00e0 moins que nous ne devions continuer \u00e0 le faire pour des raisons imp\u00e9rieuses et l\u00e9gitimes ou pour l&rsquo;exercice ou la d\u00e9fense d&rsquo;\u00e9ventuelles r\u00e9clamations.<\/span><\/p>\n<p><span style=\"font-weight: 400;\">En outre, vous pouvez \u00e0 tout moment retirer votre consentement \u00e0 l&rsquo;envoi de communications commerciales.<\/span><\/p>\n<\/td>\n<\/tr>\n<tr>\n<td><b>Combien de temps conservons-nous vos donn\u00e9es ?<\/b><\/td>\n<td>\n<p><span style=\"font-weight: 400;\">Si vous \u00eates client : Elles seront conserv\u00e9es jusqu&rsquo;\u00e0 la fin de la prestation du service, et une fois celle-ci termin\u00e9e, jusqu&rsquo;\u00e0 ce que leur suppression soit demand\u00e9e par l&rsquo;int\u00e9ress\u00e9.<\/span><\/p>\n<p><span style=\"font-weight: 400;\">&#8211; Si vous nous avez donn\u00e9 votre accord pour l&rsquo;envoi de communications commerciales : Jusqu&rsquo;\u00e0 ce que vous demandiez leur suppression ou exprimez votre intention de ne plus continuer \u00e0 les recevoir.<\/span><\/p>\n<p><span style=\"font-weight: 400;\">&#8211; Si vous \u00eates candidat \u00e0 un emploi : Jusqu&rsquo;\u00e0 la fin du processus de s\u00e9lection et, le cas \u00e9ch\u00e9ant, jusqu&rsquo;\u00e0 3 ans suppl\u00e9mentaires.<\/span><\/p>\n<p><span style=\"font-weight: 400;\">&#8211; Si vous nous avez contact\u00e9s via le web ou les r\u00e9seaux sociaux : Jusqu&rsquo;\u00e0 la fin du traitement ou jusqu&rsquo;\u00e0 ce que vous demandiez la suppression de vos donn\u00e9es.<\/span><\/p>\n<p><span style=\"font-weight: 400;\">Sky Andaluz doit \u00e9galement conserver certaines informations sur la base des exigences l\u00e9gales.<\/span><\/p>\n<\/td>\n<\/tr>\n<\/tbody>\n<\/table>\n\t\t\t\t\t\t\t\t<\/div>\n\t\t\t\t<\/div>\n\t\t\t\t<div class=\"elementor-element elementor-element-d07025e elementor-widget elementor-widget-text-editor\" data-id=\"d07025e\" data-element_type=\"widget\" data-e-type=\"widget\" data-widget_type=\"text-editor.default\">\n\t\t\t\t<div class=\"elementor-widget-container\">\n\t\t\t\t\t\t\t\t\t<h2>SERVICES LOU\u00c9S<\/h2>\n<p>ALIAS a contract\u00e9 les prestataires suivants, qui respectent la r\u00e9glementation applicable en mati\u00e8re de protection des donn\u00e9es,<br \/>au moment de l&#8217;embauche :<\/p>\n<ul>\n<li>H\u00e9bergement professionnel SL <\/li>\n<li>Google LLC, avec une adresse au 1600 Amphitheatre Parkway, 94043, Mountain View (Californie), \u00c9tats-Unis, qui fournit des services GSuite, comprenant des services de cloud computing et de messagerie.<\/li>\n<li>Vous pouvez consulter la politique de confidentialit\u00e9 et d&rsquo;autres aspects juridiques de ladite soci\u00e9t\u00e9 sur le lien suivant: https:\/\/www.google.com\/intl\/es\/policies\/privacy\/<\/li>\n<li>Si vous souhaitez en savoir plus sur le Privacy Shield Framework sign\u00e9 entre l&rsquo;UE et les \u00c9tats-Unis, vous pouvez le faire via : https:\/\/www.privacyshield.gov\/welcome<\/li>\n<\/ul>\n<h2>UTILISATION D&rsquo;IMAGES DANS DES ARTICLES<\/h2>\n<p>ALIAS utilise des ressources libres de droit. En utilisant diverses sources pour cela, telles que stocksnap.io, pixabay.com, freepik.es,<\/p><\/p>\n\t\t\t\t\t\t\t\t<\/div>\n\t\t\t\t<\/div>\n\t\t\t\t\t<\/div>\n\t\t<\/div>\n\t\t\t\t\t<\/div>\n\t\t<\/section>\n\t\t\t\t<\/div>\n\t\t","protected":false},"excerpt":{"rendered":"<p>SKY ANDALUZ Pol\u00edtica de privacidad Pour conna\u00eetre notre politique en mati\u00e8re de cookies, utilis\u00e9e pour collecter des informations aupr\u00e8s des utilisateurs, nous vous invitons \u00e0 lire la section Politique de cookies de notre site Web. Conform\u00e9ment aux dispositions du R\u00e8glement (UE) 2016\/679 du Parlement europ\u00e9en et du Conseil du 27 avril 2016 relatif \u00e0 la [&hellip;]<\/p>\n","protected":false},"author":3,"featured_media":0,"parent":0,"menu_order":102,"comment_status":"closed","ping_status":"closed","template":"elementor_header_footer","meta":{"footnotes":""},"class_list":["post-6883","page","type-page","status-publish","hentry"],"_links":{"self":[{"href":"https:\/\/skyandaluz.com\/fr\/wp-json\/wp\/v2\/pages\/6883","targetHints":{"allow":["GET"]}}],"collection":[{"href":"https:\/\/skyandaluz.com\/fr\/wp-json\/wp\/v2\/pages"}],"about":[{"href":"https:\/\/skyandaluz.com\/fr\/wp-json\/wp\/v2\/types\/page"}],"author":[{"embeddable":true,"href":"https:\/\/skyandaluz.com\/fr\/wp-json\/wp\/v2\/users\/3"}],"replies":[{"embeddable":true,"href":"https:\/\/skyandaluz.com\/fr\/wp-json\/wp\/v2\/comments?post=6883"}],"version-history":[{"count":1,"href":"https:\/\/skyandaluz.com\/fr\/wp-json\/wp\/v2\/pages\/6883\/revisions"}],"predecessor-version":[{"id":6884,"href":"https:\/\/skyandaluz.com\/fr\/wp-json\/wp\/v2\/pages\/6883\/revisions\/6884"}],"wp:attachment":[{"href":"https:\/\/skyandaluz.com\/fr\/wp-json\/wp\/v2\/media?parent=6883"}],"curies":[{"name":"wp","href":"https:\/\/api.w.org\/{rel}","templated":true}]}}